{"id":92,"date":"2016-05-16T15:56:37","date_gmt":"2016-05-16T15:56:37","guid":{"rendered":"http:\/\/hortadeproximitat.cat\/producto\/tomaquet-pometa"},"modified":"2026-02-13T10:54:44","modified_gmt":"2026-02-13T10:54:44","slug":"tomaquet-pometa","status":"publish","type":"product","link":"https:\/\/hortadeproximitat.cat\/?product=tomaquet-pometa","title":{"rendered":"Tom\u00e0quet Pometa caixa 2-4 kg"},"content":{"rendered":"","protected":false},"excerpt":{"rendered":"<p><span data-sheets-value=\"{&quot;1&quot;:2,&quot;2&quot;:&quot;Varietat tradicional de tom\\u00e0quet d\\u2019amanir, amb unes ondulacions molt caracter\\u00edstiques i amb molt m\\u00e9s gust que el tomaquet verd. T\\u00e9 una maduraci\\u00f3 de cor cap a fora, aix\\u00f2 fa que encara que visualment es vegi verd per dins el tom\\u00e0quet est\\u00e0 madur.&quot;}\" data-sheets-userformat=\"{&quot;2&quot;:14975,&quot;3&quot;:[null,0],&quot;4&quot;:[null,2,16777215],&quot;5&quot;:{&quot;1&quot;:[{&quot;1&quot;:2,&quot;2&quot;:0,&quot;5&quot;:[null,2,0]},{&quot;1&quot;:0,&quot;2&quot;:0,&quot;3&quot;:3},{&quot;1&quot;:1,&quot;2&quot;:0,&quot;4&quot;:1}]},&quot;6&quot;:{&quot;1&quot;:[{&quot;1&quot;:2,&quot;2&quot;:0,&quot;5&quot;:[null,2,0]},{&quot;1&quot;:0,&quot;2&quot;:0,&quot;3&quot;:3},{&quot;1&quot;:1,&quot;2&quot;:0,&quot;4&quot;:1}]},&quot;7&quot;:{&quot;1&quot;:[{&quot;1&quot;:2,&quot;2&quot;:0,&quot;5&quot;:[null,2,0]},{&quot;1&quot;:0,&quot;2&quot;:0,&quot;3&quot;:3},{&quot;1&quot;:1,&quot;2&quot;:0,&quot;4&quot;:1}]},&quot;8&quot;:{&quot;1&quot;:[{&quot;1&quot;:2,&quot;2&quot;:0,&quot;5&quot;:[null,2,0]},{&quot;1&quot;:0,&quot;2&quot;:0,&quot;3&quot;:3},{&quot;1&quot;:1,&quot;2&quot;:0,&quot;4&quot;:1}]},&quot;9&quot;:1,&quot;12&quot;:0,&quot;14&quot;:[null,2,0],&quot;15&quot;:&quot;Arial&quot;,&quot;16&quot;:11}\"><span data-sheets-value=\"{&quot;1&quot;:2,&quot;2&quot;:&quot;Varietat tradicional de tom\\u00e0quet d\\u2019amanir, amb unes ondulacions molt caracter\\u00edstiques i amb molt m\\u00e9s gust que el tomaquet verd. T\\u00e9 una maduraci\\u00f3 de cor cap a fora, aix\\u00f2 fa que encara que visualment es vegi verd per dins el tom\\u00e0quet est\\u00e0 madur.&quot;}\" data-sheets-userformat=\"{&quot;2&quot;:14975,&quot;3&quot;:[null,0],&quot;4&quot;:[null,2,16777215],&quot;5&quot;:{&quot;1&quot;:[{&quot;1&quot;:2,&quot;2&quot;:0,&quot;5&quot;:[null,2,0]},{&quot;1&quot;:0,&quot;2&quot;:0,&quot;3&quot;:3},{&quot;1&quot;:1,&quot;2&quot;:0,&quot;4&quot;:1}]},&quot;6&quot;:{&quot;1&quot;:[{&quot;1&quot;:2,&quot;2&quot;:0,&quot;5&quot;:[null,2,0]},{&quot;1&quot;:0,&quot;2&quot;:0,&quot;3&quot;:3},{&quot;1&quot;:1,&quot;2&quot;:0,&quot;4&quot;:1}]},&quot;7&quot;:{&quot;1&quot;:[{&quot;1&quot;:2,&quot;2&quot;:0,&quot;5&quot;:[null,2,0]},{&quot;1&quot;:0,&quot;2&quot;:0,&quot;3&quot;:3},{&quot;1&quot;:1,&quot;2&quot;:0,&quot;4&quot;:1}]},&quot;8&quot;:{&quot;1&quot;:[{&quot;1&quot;:2,&quot;2&quot;:0,&quot;5&quot;:[null,2,0]},{&quot;1&quot;:0,&quot;2&quot;:0,&quot;3&quot;:3},{&quot;1&quot;:1,&quot;2&quot;:0,&quot;4&quot;:1}]},&quot;9&quot;:1,&quot;12&quot;:0,&quot;14&quot;:[null,2,0],&quot;15&quot;:&quot;Arial&quot;,&quot;16&quot;:11}\">Varietat tradicional de tom\u00e0quet d\u2019amanir, amb unes ondulacions molt caracter\u00edstiques i amb molt m\u00e9s gust que el tomaquet verd. T\u00e9 una maduraci\u00f3 de cor cap a fora, aix\u00f2 fa que encara que visualment es vegi verd per dins el tom\u00e0quet est\u00e0 madur.<\/span><br \/>\n<\/span><\/p>\n","protected":false},"featured_media":68,"comment_status":"open","ping_status":"closed","template":"","meta":{"_monsterinsights_skip_tracking":false,"_monsterinsights_sitenote_active":false,"_monsterinsights_sitenote_note":"","_monsterinsights_sitenote_category":0},"product_brand":[],"product_cat":[10,57],"product_tag":[13],"class_list":{"0":"post-92","1":"product","2":"type-product","3":"status-publish","4":"has-post-thumbnail","6":"product_cat-tomaquets-gourmet","7":"product_cat-amanir","8":"product_tag-tomaquet","10":"first","11":"outofstock","12":"taxable","13":"shipping-taxable","14":"purchasable","15":"product-type-variable"},"_links":{"self":[{"href":"https:\/\/hortadeproximitat.cat\/index.php?rest_route=\/wp\/v2\/product\/92"}],"collection":[{"href":"https:\/\/hortadeproximitat.cat\/index.php?rest_route=\/wp\/v2\/product"}],"about":[{"href":"https:\/\/hortadeproximitat.cat\/index.php?rest_route=\/wp\/v2\/types\/product"}],"replies":[{"embeddable":true,"href":"https:\/\/hortadeproximitat.cat\/index.php?rest_route=%2Fwp%2Fv2%2Fcomments&post=92"}],"wp:featuredmedia":[{"embeddable":true,"href":"https:\/\/hortadeproximitat.cat\/index.php?rest_route=\/wp\/v2\/media\/68"}],"wp:attachment":[{"href":"https:\/\/hortadeproximitat.cat\/index.php?rest_route=%2Fwp%2Fv2%2Fmedia&parent=92"}],"wp:term":[{"taxonomy":"product_brand","embeddable":true,"href":"https:\/\/hortadeproximitat.cat\/index.php?rest_route=%2Fwp%2Fv2%2Fproduct_brand&post=92"},{"taxonomy":"product_cat","embeddable":true,"href":"https:\/\/hortadeproximitat.cat\/index.php?rest_route=%2Fwp%2Fv2%2Fproduct_cat&post=92"},{"taxonomy":"product_tag","embeddable":true,"href":"https:\/\/hortadeproximitat.cat\/index.php?rest_route=%2Fwp%2Fv2%2Fproduct_tag&post=92"}],"curies":[{"name":"wp","href":"https:\/\/api.w.org\/{rel}","templated":true}]}}