{"id":191,"date":"2016-06-05T16:42:59","date_gmt":"2016-06-05T16:42:59","guid":{"rendered":"http:\/\/hortadeproximitat.cat\/?page_id=191"},"modified":"2022-04-24T17:25:31","modified_gmt":"2022-04-24T17:25:31","slug":"qui-som","status":"publish","type":"page","link":"https:\/\/hortadeproximitat.cat\/?page_id=191","title":{"rendered":"Qui som"},"content":{"rendered":"\t\t<div data-elementor-type=\"wp-page\" data-elementor-id=\"191\" class=\"elementor elementor-191\">\n\t\t\t\t\t\t<section class=\"elementor-section elementor-top-section elementor-element elementor-element-e6121fc elementor-section-boxed elementor-section-height-default elementor-section-height-default\" data-id=\"e6121fc\" data-element_type=\"section\">\n\t\t\t\t\t\t<div class=\"elementor-container elementor-column-gap-default\">\n\t\t\t\t\t<div class=\"elementor-column elementor-col-100 elementor-top-column elementor-element elementor-element-23308e4\" data-id=\"23308e4\" data-element_type=\"column\">\n\t\t\t<div class=\"elementor-widget-wrap elementor-element-populated\">\n\t\t\t\t\t\t<div class=\"elementor-element elementor-element-140854c elementor-widget elementor-widget-text-editor\" data-id=\"140854c\" data-element_type=\"widget\" data-widget_type=\"text-editor.default\">\n\t\t\t\t<div class=\"elementor-widget-container\">\n\t\t\t\t\t\t\t\t\t<p>Horta Ytchart s\u00f3m una empresa familiar que produ\u00efm a la zona de Vilassar de Mar, estem especialitzats en tom\u00e0quet de diferents varietats, i verdures de temporada cuinades al buit a baixa temperatura.<\/p>\t\t\t\t\t\t\t\t<\/div>\n\t\t\t\t<\/div>\n\t\t\t\t\t<\/div>\n\t\t<\/div>\n\t\t\t\t\t<\/div>\n\t\t<\/section>\n\t\t\t\t<section class=\"elementor-section elementor-top-section elementor-element elementor-element-36292c5 elementor-section-boxed elementor-section-height-default elementor-section-height-default\" data-id=\"36292c5\" data-element_type=\"section\">\n\t\t\t\t\t\t<div class=\"elementor-container elementor-column-gap-default\">\n\t\t\t\t\t<div class=\"elementor-column elementor-col-100 elementor-top-column elementor-element elementor-element-98cd477\" data-id=\"98cd477\" data-element_type=\"column\">\n\t\t\t<div class=\"elementor-widget-wrap elementor-element-populated\">\n\t\t\t\t\t\t<div class=\"elementor-element elementor-element-2501fb3 elementor-widget elementor-widget-image\" data-id=\"2501fb3\" data-element_type=\"widget\" data-widget_type=\"image.default\">\n\t\t\t\t<div class=\"elementor-widget-container\">\n\t\t\t\t\t\t\t\t\t\t\t\t\t\t\t<img fetchpriority=\"high\" decoding=\"async\" width=\"817\" height=\"1024\" src=\"https:\/\/hortadeproximitat.cat\/wp-content\/uploads\/2022\/04\/camio-ytchart-817x1024.jpg\" class=\"attachment-large size-large wp-image-922\" alt=\"\" srcset=\"https:\/\/hortadeproximitat.cat\/wp-content\/uploads\/2022\/04\/camio-ytchart-817x1024.jpg 817w, https:\/\/hortadeproximitat.cat\/wp-content\/uploads\/2022\/04\/camio-ytchart-239x300.jpg 239w, https:\/\/hortadeproximitat.cat\/wp-content\/uploads\/2022\/04\/camio-ytchart-768x962.jpg 768w, https:\/\/hortadeproximitat.cat\/wp-content\/uploads\/2022\/04\/camio-ytchart-600x752.jpg 600w, https:\/\/hortadeproximitat.cat\/wp-content\/uploads\/2022\/04\/camio-ytchart-416x521.jpg 416w, https:\/\/hortadeproximitat.cat\/wp-content\/uploads\/2022\/04\/camio-ytchart.jpg 1076w\" sizes=\"(max-width: 817px) 100vw, 817px\" \/>\t\t\t\t\t\t\t\t\t\t\t\t\t\t\t<\/div>\n\t\t\t\t<\/div>\n\t\t\t\t\t<\/div>\n\t\t<\/div>\n\t\t\t\t\t<\/div>\n\t\t<\/section>\n\t\t\t\t<section class=\"elementor-section elementor-top-section elementor-element elementor-element-9500f01 elementor-section-boxed elementor-section-height-default elementor-section-height-default\" data-id=\"9500f01\" data-element_type=\"section\">\n\t\t\t\t\t\t<div class=\"elementor-container elementor-column-gap-default\">\n\t\t\t\t\t<div class=\"elementor-column elementor-col-100 elementor-top-column elementor-element elementor-element-1a687920\" data-id=\"1a687920\" data-element_type=\"column\">\n\t\t\t<div class=\"elementor-widget-wrap elementor-element-populated\">\n\t\t\t\t\t\t<div class=\"elementor-element elementor-element-3446d2be elementor-widget elementor-widget-text-editor\" data-id=\"3446d2be\" data-element_type=\"widget\" data-widget_type=\"text-editor.default\">\n\t\t\t\t<div class=\"elementor-widget-container\">\n\t\t\t\t\t\t\t\t\t<p>\u00a0<\/p><p><span style=\"color: var( --e-global-color-text ); font-family: var( --e-global-typography-text-font-family ), Sans-serif; font-weight: var( --e-global-typography-text-font-weight );\">El nostre sistema de cultivar es basa en una barreja entre producci\u00f3 integrada i ecol\u00f2gica, ja que aquestes produccions garanteixen un \u00fas m\u00ednim o nul de pesticides i un control de la resta de factors productius, per aconseguir aix\u00ed el m\u00e0xim respecte per la salut i el medi ambient.<\/span><\/p><p>El cultiu \u00e9s hidrop\u00f2nic, aix\u00f2 fa que poguem tenir un millor control del que realment absorbeix la planta i evitar que pugui quedar afectada de fongs o altres malalties provinents del subs\u00f2l.<\/p><p>Sempre amb la intenci\u00f3 de potenciar el producte de proximitat. Llencem <em>l&#8217;obrador<\/em>\u00a0amb la finalitat de fer arribar el nostre producte amb un format diferent i comode al consumidor, sense perdre la qualitat i gust caracter\u00edstic del maresme.<br \/>Tots els productes que elaborem ho fem de manera artesanal, sense conservants ni additius.<\/p>\t\t\t\t\t\t\t\t<\/div>\n\t\t\t\t<\/div>\n\t\t\t\t\t<\/div>\n\t\t<\/div>\n\t\t\t\t\t<\/div>\n\t\t<\/section>\n\t\t\t\t<section class=\"elementor-section elementor-top-section elementor-element elementor-element-981877d elementor-section-boxed elementor-section-height-default elementor-section-height-default\" data-id=\"981877d\" data-element_type=\"section\">\n\t\t\t\t\t\t<div class=\"elementor-container elementor-column-gap-default\">\n\t\t\t\t\t<div class=\"elementor-column elementor-col-100 elementor-top-column elementor-element elementor-element-f0b519c\" data-id=\"f0b519c\" data-element_type=\"column\">\n\t\t\t<div class=\"elementor-widget-wrap elementor-element-populated\">\n\t\t\t\t\t\t<div class=\"elementor-element elementor-element-070aa16 elementor-widget elementor-widget-image\" data-id=\"070aa16\" data-element_type=\"widget\" data-widget_type=\"image.default\">\n\t\t\t\t<div class=\"elementor-widget-container\">\n\t\t\t\t\t\t\t\t\t\t\t\t\t\t\t<img decoding=\"async\" width=\"745\" height=\"559\" src=\"https:\/\/hortadeproximitat.cat\/wp-content\/uploads\/2016\/06\/Qui-SOM.jpg\" class=\"attachment-large size-large wp-image-243\" alt=\"\" srcset=\"https:\/\/hortadeproximitat.cat\/wp-content\/uploads\/2016\/06\/Qui-SOM.jpg 745w, https:\/\/hortadeproximitat.cat\/wp-content\/uploads\/2016\/06\/Qui-SOM-416x312.jpg 416w, https:\/\/hortadeproximitat.cat\/wp-content\/uploads\/2016\/06\/Qui-SOM-300x225.jpg 300w\" sizes=\"(max-width: 745px) 100vw, 745px\" \/>\t\t\t\t\t\t\t\t\t\t\t\t\t\t\t<\/div>\n\t\t\t\t<\/div>\n\t\t\t\t<div class=\"elementor-element elementor-element-e35e1de elementor-widget elementor-widget-image\" data-id=\"e35e1de\" data-element_type=\"widget\" data-widget_type=\"image.default\">\n\t\t\t\t<div class=\"elementor-widget-container\">\n\t\t\t\t\t\t\t\t\t\t\t\t\t\t\t<img decoding=\"async\" width=\"980\" height=\"733\" src=\"https:\/\/hortadeproximitat.cat\/wp-content\/uploads\/2022\/04\/aerea-1024x766.jpg\" class=\"attachment-large size-large wp-image-920\" alt=\"\" srcset=\"https:\/\/hortadeproximitat.cat\/wp-content\/uploads\/2022\/04\/aerea-1024x766.jpg 1024w, https:\/\/hortadeproximitat.cat\/wp-content\/uploads\/2022\/04\/aerea-300x224.jpg 300w, https:\/\/hortadeproximitat.cat\/wp-content\/uploads\/2022\/04\/aerea-768x575.jpg 768w, https:\/\/hortadeproximitat.cat\/wp-content\/uploads\/2022\/04\/aerea-600x449.jpg 600w, https:\/\/hortadeproximitat.cat\/wp-content\/uploads\/2022\/04\/aerea-416x311.jpg 416w, https:\/\/hortadeproximitat.cat\/wp-content\/uploads\/2022\/04\/aerea.jpg 1080w\" sizes=\"(max-width: 980px) 100vw, 980px\" \/>\t\t\t\t\t\t\t\t\t\t\t\t\t\t\t<\/div>\n\t\t\t\t<\/div>\n\t\t\t\t<div class=\"elementor-element elementor-element-26ed0e8 elementor-widget elementor-widget-image\" data-id=\"26ed0e8\" data-element_type=\"widget\" data-widget_type=\"image.default\">\n\t\t\t\t<div class=\"elementor-widget-container\">\n\t\t\t\t\t\t\t\t\t\t\t\t\t\t\t<img loading=\"lazy\" decoding=\"async\" width=\"980\" height=\"987\" src=\"https:\/\/hortadeproximitat.cat\/wp-content\/uploads\/2022\/04\/pesols-aerea-1017x1024.jpg\" class=\"attachment-large size-large wp-image-927\" alt=\"\" srcset=\"https:\/\/hortadeproximitat.cat\/wp-content\/uploads\/2022\/04\/pesols-aerea-1017x1024.jpg 1017w, https:\/\/hortadeproximitat.cat\/wp-content\/uploads\/2022\/04\/pesols-aerea-298x300.jpg 298w, https:\/\/hortadeproximitat.cat\/wp-content\/uploads\/2022\/04\/pesols-aerea-150x150.jpg 150w, https:\/\/hortadeproximitat.cat\/wp-content\/uploads\/2022\/04\/pesols-aerea-768x773.jpg 768w, https:\/\/hortadeproximitat.cat\/wp-content\/uploads\/2022\/04\/pesols-aerea-600x604.jpg 600w, https:\/\/hortadeproximitat.cat\/wp-content\/uploads\/2022\/04\/pesols-aerea-416x419.jpg 416w, https:\/\/hortadeproximitat.cat\/wp-content\/uploads\/2022\/04\/pesols-aerea-100x100.jpg 100w, https:\/\/hortadeproximitat.cat\/wp-content\/uploads\/2022\/04\/pesols-aerea.jpg 1075w\" sizes=\"(max-width: 980px) 100vw, 980px\" \/>\t\t\t\t\t\t\t\t\t\t\t\t\t\t\t<\/div>\n\t\t\t\t<\/div>\n\t\t\t\t\t<\/div>\n\t\t<\/div>\n\t\t\t\t\t<\/div>\n\t\t<\/section>\n\t\t\t\t<\/div>\n\t\t","protected":false},"excerpt":{"rendered":"<p>Horta Ytchart s\u00f3m una empresa familiar que produ\u00efm a la zona de Vilassar de Mar, estem especialitzats en tom\u00e0quet de diferents varietats, i verdures de temporada cuinades al buit a baixa temperatura. \u00a0 El nostre sistema de cultivar es basa en una barreja entre producci\u00f3 integrada i ecol\u00f2gica, ja que aquestes produccions garanteixen un \u00fas [&hellip;]<\/p>\n","protected":false},"author":3,"featured_media":0,"parent":0,"menu_order":0,"comment_status":"closed","ping_status":"closed","template":"template-fullwidth.php","meta":{"_monsterinsights_skip_tracking":false,"_monsterinsights_sitenote_active":false,"_monsterinsights_sitenote_note":"","_monsterinsights_sitenote_category":0,"footnotes":""},"class_list":["post-191","page","type-page","status-publish","hentry"],"_links":{"self":[{"href":"https:\/\/hortadeproximitat.cat\/index.php?rest_route=\/wp\/v2\/pages\/191"}],"collection":[{"href":"https:\/\/hortadeproximitat.cat\/index.php?rest_route=\/wp\/v2\/pages"}],"about":[{"href":"https:\/\/hortadeproximitat.cat\/index.php?rest_route=\/wp\/v2\/types\/page"}],"author":[{"embeddable":true,"href":"https:\/\/hortadeproximitat.cat\/index.php?rest_route=\/wp\/v2\/users\/3"}],"replies":[{"embeddable":true,"href":"https:\/\/hortadeproximitat.cat\/index.php?rest_route=%2Fwp%2Fv2%2Fcomments&post=191"}],"version-history":[{"count":9,"href":"https:\/\/hortadeproximitat.cat\/index.php?rest_route=\/wp\/v2\/pages\/191\/revisions"}],"predecessor-version":[{"id":931,"href":"https:\/\/hortadeproximitat.cat\/index.php?rest_route=\/wp\/v2\/pages\/191\/revisions\/931"}],"wp:attachment":[{"href":"https:\/\/hortadeproximitat.cat\/index.php?rest_route=%2Fwp%2Fv2%2Fmedia&parent=191"}],"curies":[{"name":"wp","href":"https:\/\/api.w.org\/{rel}","templated":true}]}}